{"id":186,"date":"2020-10-12T12:45:06","date_gmt":"2020-10-12T12:45:06","guid":{"rendered":"https:\/\/beta.skelt.pt\/?page_id=186"},"modified":"2020-12-02T19:27:43","modified_gmt":"2020-12-02T19:27:43","slug":"skelt-pt","status":"publish","type":"page","link":"https:\/\/www.skelt.pt\/fr\/skelt-pt\/","title":{"rendered":"Entreprise"},"content":{"rendered":"<div class=\"wpb-content-wrapper\"><p>[vc_row css_animation=\u00a0\u00bb\u00a0\u00bb row_type=\u00a0\u00bbrow\u00a0\u00bb use_row_as_full_screen_section=\u00a0\u00bbno\u00a0\u00bb type=\u00a0\u00bbfull_width\u00a0\u00bb angled_section=\u00a0\u00bbno\u00a0\u00bb text_align=\u00a0\u00bbleft\u00a0\u00bb background_image_as_pattern=\u00a0\u00bbwithout_pattern\u00a0\u00bb][vc_column width=\u00a0\u00bb1\/4&Prime;][\/vc_column][vc_column width=\u00a0\u00bb3\/4&Prime;][vc_single_image image=\u00a0\u00bb282&Prime; img_size=\u00a0\u00bbfull\u00a0\u00bb alignment=\u00a0\u00bbcenter\u00a0\u00bb qode_css_animation=\u00a0\u00bb\u00a0\u00bb css=\u00a0\u00bb.vc_custom_1605720455038{margin-bottom: 25px !important;}\u00a0\u00bb][vc_column_text css=\u00a0\u00bb.vc_custom_1605271739222{margin-bottom: 25px !important;}\u00a0\u00bb]<\/p>\n<div class=\"one_third ui-sortable-handle first_column\" data-folder=\"column\" data-type=\"\">\n<div data-folder=\"text\" data-type=\"\">\n<h1 class=\"tituloknow\">Sharing Energy Together<\/h1>\n<p>&nbsp;<\/p>\n<\/div>\n<\/div>\n<p>[\/vc_column_text][vc_column_text css=\u00a0\u00bb.vc_custom_1602863980309{margin-bottom: 25px !important;}\u00a0\u00bb]Pre\u0301pare\u0301s pour atteindre le monde entier, nous travaillons pour satisfaire nos clients actuels et gagner de nouveaux partenaires commerciaux.<\/p>\n<p>Devenir une re\u0301fe\u0301rence mondiale dans la fabrication<br \/>\net la commercialisation d\u2019accessoires en me\u0301tal pour les Utilities E\u0301lectriques, Sous Stations, Re\u0301seaux de Transport et Distribution d\u2019E\u0301nergie E\u0301lectrique, est l\u2019objectif qui nous me\u0300ne.<\/p>\n<p>L&rsquo;exp\u00e9rience, la qualit\u00e9 de nos produits et la formation continue de nos employ\u00e9s sont les principes qui sous-tendent la r\u00e9ussite de notre<br \/>\naffaires. A c\u00f4t\u00e9 de ces premiers facteurs, les pr\u00e9occupations environnementales de la protection et la sant\u00e9 de nos employ\u00e9s sont \u00e9galement des aspects importants au sein de notre entreprise.[\/vc_column_text][vc_row_inner row_type=\u00a0\u00bbrow\u00a0\u00bb type=\u00a0\u00bbfull_width\u00a0\u00bb text_align=\u00a0\u00bbleft\u00a0\u00bb css_animation=\u00a0\u00bb\u00a0\u00bb][vc_column_inner][\/vc_column_inner][\/vc_row_inner][\/vc_column][\/vc_row][vc_row css_animation=\u00a0\u00bb\u00a0\u00bb row_type=\u00a0\u00bbrow\u00a0\u00bb use_row_as_full_screen_section=\u00a0\u00bbno\u00a0\u00bb type=\u00a0\u00bbfull_width\u00a0\u00bb angled_section=\u00a0\u00bbno\u00a0\u00bb text_align=\u00a0\u00bbleft\u00a0\u00bb background_image_as_pattern=\u00a0\u00bbwithout_pattern\u00a0\u00bb][vc_column width=\u00a0\u00bb1\/4&Prime;][\/vc_column][vc_column width=\u00a0\u00bb3\/4&Prime;][vc_row_inner row_type=\u00a0\u00bbrow\u00a0\u00bb type=\u00a0\u00bbfull_width\u00a0\u00bb text_align=\u00a0\u00bbleft\u00a0\u00bb css_animation=\u00a0\u00bb\u00a0\u00bb][vc_column_inner][vc_column_text]<\/p>\n<h1 style=\"text-align: center;\">Histoire\u00a0&#8230;<\/h1>\n<p>[\/vc_column_text][vc_single_image image=\u00a0\u00bb220&Prime; alignment=\u00a0\u00bbcenter\u00a0\u00bb qode_css_animation=\u00a0\u00bb\u00a0\u00bb][vc_single_image image=\u00a0\u00bb220&Prime; alignment=\u00a0\u00bbcenter\u00a0\u00bb qode_css_animation=\u00a0\u00bb\u00a0\u00bb][\/vc_column_inner][\/vc_row_inner][vc_row_inner row_type=\u00a0\u00bbrow\u00a0\u00bb type=\u00a0\u00bbfull_width\u00a0\u00bb text_align=\u00a0\u00bbleft\u00a0\u00bb css_animation=\u00a0\u00bb\u00a0\u00bb css=\u00a0\u00bb.vc_custom_1602507730166{margin-right: 25px !important;margin-left: 25px !important;padding-top: 10px !important;padding-right: 25px !important;padding-bottom: 10px !important;padding-left: 25px !important;background-color: #e0e0e0 !important;border-radius: 25px !important;}\u00a0\u00bb][vc_column_inner][vc_column_text]<\/p>\n<h1 class=\"cd-timeline-item-title\" style=\"text-align: center;\">2020<\/h1>\n<p>&nbsp;<\/p>\n<h3 class=\"cd-timeline-item-title\" style=\"text-align: center;\"><img decoding=\"async\" loading=\"lazy\" class=\"alignnone wp-image-7809 size-full\" src=\"https:\/\/www.skelt.pt\/wp-content\/uploads\/2020\/02\/1010-e1604933329480.png\" alt=\"\" width=\"225\" height=\"101\" srcset=\"https:\/\/www.skelt.pt\/wp-content\/uploads\/2020\/02\/1010-e1604933329480.png 225w, https:\/\/www.skelt.pt\/wp-content\/uploads\/2020\/02\/1010-e1604933329480-64x29.png 64w\" sizes=\"(max-width: 225px) 100vw, 225px\" \/><\/h3>\n<p>&nbsp;<\/p>\n<h3 class=\"cd-timeline-item-title\" style=\"text-align: center;\">SICAME GROUP<\/h3>\n<p class=\"entry_title\" style=\"text-align: center;\">Int\u00e9gration de Skelt dans le groupe fran\u00e7ais international SICAME GROUP.<\/p>\n<p>[\/vc_column_text][\/vc_column_inner][\/vc_row_inner][vc_row_inner row_type=\u00a0\u00bbrow\u00a0\u00bb type=\u00a0\u00bbfull_width\u00a0\u00bb text_align=\u00a0\u00bbleft\u00a0\u00bb css_animation=\u00a0\u00bb\u00a0\u00bb][vc_column_inner][vc_single_image image=\u00a0\u00bb220&Prime; alignment=\u00a0\u00bbcenter\u00a0\u00bb qode_css_animation=\u00a0\u00bb\u00a0\u00bb][\/vc_column_inner][\/vc_row_inner][vc_row_inner row_type=\u00a0\u00bbrow\u00a0\u00bb type=\u00a0\u00bbfull_width\u00a0\u00bb text_align=\u00a0\u00bbleft\u00a0\u00bb css_animation=\u00a0\u00bb\u00a0\u00bb css=\u00a0\u00bb.vc_custom_1602507730166{margin-right: 25px !important;margin-left: 25px !important;padding-top: 10px !important;padding-right: 25px !important;padding-bottom: 10px !important;padding-left: 25px !important;background-color: #e0e0e0 !important;border-radius: 25px !important;}\u00a0\u00bb][vc_column_inner][vc_column_text]<\/p>\n<h1 class=\"cd-timeline-item-title\" style=\"text-align: center;\">2014<\/h1>\n<p>&nbsp;<\/p>\n<h3 class=\"cd-timeline-item-title\" style=\"text-align: center;\"><img decoding=\"async\" loading=\"lazy\" class=\"alignnone size-full wp-image-238\" src=\"https:\/\/www.skelt.pt\/wp-content\/uploads\/2020\/10\/go-global.png\" alt=\"\" width=\"270\" height=\"120\" srcset=\"https:\/\/www.skelt.pt\/wp-content\/uploads\/2020\/10\/go-global.png 270w, https:\/\/www.skelt.pt\/wp-content\/uploads\/2020\/10\/go-global-64x28.png 64w\" sizes=\"(max-width: 270px) 100vw, 270px\" \/><\/h3>\n<p>&nbsp;<\/p>\n<h3 class=\"cd-timeline-item-title\" style=\"text-align: center;\">March\u00e9 Mondial<\/h3>\n<p style=\"text-align: center;\">Le renforcement de la pr\u00e9sence sur le march\u00e9 mondial, en se concentrant sur les processus de cr\u00e9ativit\u00e9 et des produits diff\u00e9renci\u00e9s, r\u00e9pondant aux besoins des clients et des march\u00e9s.<\/p>\n<p>[\/vc_column_text][\/vc_column_inner][\/vc_row_inner][vc_row_inner row_type=\u00a0\u00bbrow\u00a0\u00bb type=\u00a0\u00bbfull_width\u00a0\u00bb text_align=\u00a0\u00bbleft\u00a0\u00bb css_animation=\u00a0\u00bb\u00a0\u00bb][vc_column_inner][vc_single_image image=\u00a0\u00bb220&Prime; alignment=\u00a0\u00bbcenter\u00a0\u00bb qode_css_animation=\u00a0\u00bb\u00a0\u00bb][\/vc_column_inner][\/vc_row_inner][vc_row_inner row_type=\u00a0\u00bbrow\u00a0\u00bb type=\u00a0\u00bbfull_width\u00a0\u00bb text_align=\u00a0\u00bbleft\u00a0\u00bb css_animation=\u00a0\u00bb\u00a0\u00bb css=\u00a0\u00bb.vc_custom_1602507730166{margin-right: 25px !important;margin-left: 25px !important;padding-top: 10px !important;padding-right: 25px !important;padding-bottom: 10px !important;padding-left: 25px !important;background-color: #e0e0e0 !important;border-radius: 25px !important;}\u00a0\u00bb][vc_column_inner][vc_column_text]<\/p>\n<h1 class=\"cd-timeline-item-title\" style=\"text-align: center;\">2009<\/h1>\n<p>&nbsp;<\/p>\n<h2 class=\"cd-timeline-item-title\" style=\"text-align: center;\"><img decoding=\"async\" loading=\"lazy\" class=\"alignnone size-full wp-image-229\" src=\"https:\/\/www.skelt.pt\/wp-content\/uploads\/2020\/10\/18001.png\" alt=\"\" width=\"270\" height=\"120\" srcset=\"https:\/\/www.skelt.pt\/wp-content\/uploads\/2020\/10\/18001.png 270w, https:\/\/www.skelt.pt\/wp-content\/uploads\/2020\/10\/18001-64x28.png 64w\" sizes=\"(max-width: 270px) 100vw, 270px\" \/><\/h2>\n<p>&nbsp;<\/p>\n<h2 class=\"cd-timeline-item-title\" style=\"text-align: center;\"><strong>Certification\u00a0OHSAS 18001<\/strong><\/h2>\n<p>[\/vc_column_text][\/vc_column_inner][\/vc_row_inner][vc_row_inner row_type=\u00a0\u00bbrow\u00a0\u00bb type=\u00a0\u00bbfull_width\u00a0\u00bb text_align=\u00a0\u00bbleft\u00a0\u00bb css_animation=\u00a0\u00bb\u00a0\u00bb][vc_column_inner][vc_single_image image=\u00a0\u00bb220&Prime; alignment=\u00a0\u00bbcenter\u00a0\u00bb qode_css_animation=\u00a0\u00bb\u00a0\u00bb][\/vc_column_inner][\/vc_row_inner][vc_row_inner row_type=\u00a0\u00bbrow\u00a0\u00bb type=\u00a0\u00bbfull_width\u00a0\u00bb text_align=\u00a0\u00bbleft\u00a0\u00bb css_animation=\u00a0\u00bb\u00a0\u00bb css=\u00a0\u00bb.vc_custom_1602507730166{margin-right: 25px !important;margin-left: 25px !important;padding-top: 10px !important;padding-right: 25px !important;padding-bottom: 10px !important;padding-left: 25px !important;background-color: #e0e0e0 !important;border-radius: 25px !important;}\u00a0\u00bb][vc_column_inner][vc_column_text]<\/p>\n<h1 class=\"cd-timeline-item-title\" style=\"text-align: center;\">2007<\/h1>\n<h2><\/h2>\n<h2 class=\"cd-timeline-item-title\" style=\"text-align: center;\"><img decoding=\"async\" loading=\"lazy\" class=\"alignnone size-full wp-image-237\" src=\"https:\/\/www.skelt.pt\/wp-content\/uploads\/2020\/10\/instalacoes-amplicao.png\" alt=\"\" width=\"270\" height=\"120\" srcset=\"https:\/\/www.skelt.pt\/wp-content\/uploads\/2020\/10\/instalacoes-amplicao.png 270w, https:\/\/www.skelt.pt\/wp-content\/uploads\/2020\/10\/instalacoes-amplicao-64x28.png 64w\" sizes=\"(max-width: 270px) 100vw, 270px\" \/><\/h2>\n<p>&nbsp;<\/p>\n<h4 style=\"text-align: center;\"><strong>Agrandissement des installations<\/strong><\/h4>\n<p style=\"text-align: center;\">L\u2019agrandissement des installations de fabrication et de doubler la capacit\u00e9 de production. Inauguration des nouveaux laboratoires d\u2019essais m\u00e9caniques et \u00e9lectriques.<\/p>\n<p>[\/vc_column_text][\/vc_column_inner][\/vc_row_inner][vc_row_inner row_type=\u00a0\u00bbrow\u00a0\u00bb type=\u00a0\u00bbfull_width\u00a0\u00bb text_align=\u00a0\u00bbleft\u00a0\u00bb css_animation=\u00a0\u00bb\u00a0\u00bb][vc_column_inner][vc_single_image image=\u00a0\u00bb220&Prime; alignment=\u00a0\u00bbcenter\u00a0\u00bb qode_css_animation=\u00a0\u00bb\u00a0\u00bb][\/vc_column_inner][\/vc_row_inner][vc_row_inner row_type=\u00a0\u00bbrow\u00a0\u00bb type=\u00a0\u00bbfull_width\u00a0\u00bb text_align=\u00a0\u00bbleft\u00a0\u00bb css_animation=\u00a0\u00bb\u00a0\u00bb css=\u00a0\u00bb.vc_custom_1602507730166{margin-right: 25px !important;margin-left: 25px !important;padding-top: 10px !important;padding-right: 25px !important;padding-bottom: 10px !important;padding-left: 25px !important;background-color: #e0e0e0 !important;border-radius: 25px !important;}\u00a0\u00bb][vc_column_inner][vc_column_text]<\/p>\n<h1 class=\"cd-timeline-item-title\" style=\"text-align: center;\">2006<\/h1>\n<h2><\/h2>\n<h2 class=\"cd-timeline-item-title\" style=\"text-align: center;\"><img decoding=\"async\" loading=\"lazy\" class=\"alignnone size-full wp-image-231\" src=\"https:\/\/www.skelt.pt\/wp-content\/uploads\/2020\/10\/14001.png\" alt=\"\" width=\"270\" height=\"120\" srcset=\"https:\/\/www.skelt.pt\/wp-content\/uploads\/2020\/10\/14001.png 270w, https:\/\/www.skelt.pt\/wp-content\/uploads\/2020\/10\/14001-64x28.png 64w\" sizes=\"(max-width: 270px) 100vw, 270px\" \/><\/h2>\n<p>&nbsp;<\/p>\n<h2 class=\"cd-timeline-item-title\" style=\"text-align: center;\"><strong>Certification\u00a0ISO 14001<\/strong><\/h2>\n<p>[\/vc_column_text][\/vc_column_inner][\/vc_row_inner][vc_row_inner row_type=\u00a0\u00bbrow\u00a0\u00bb type=\u00a0\u00bbfull_width\u00a0\u00bb text_align=\u00a0\u00bbleft\u00a0\u00bb css_animation=\u00a0\u00bb\u00a0\u00bb][vc_column_inner][vc_single_image image=\u00a0\u00bb220&Prime; alignment=\u00a0\u00bbcenter\u00a0\u00bb qode_css_animation=\u00a0\u00bb\u00a0\u00bb][\/vc_column_inner][\/vc_row_inner][vc_row_inner row_type=\u00a0\u00bbrow\u00a0\u00bb type=\u00a0\u00bbfull_width\u00a0\u00bb text_align=\u00a0\u00bbleft\u00a0\u00bb css_animation=\u00a0\u00bb\u00a0\u00bb css=\u00a0\u00bb.vc_custom_1602507730166{margin-right: 25px !important;margin-left: 25px !important;padding-top: 10px !important;padding-right: 25px !important;padding-bottom: 10px !important;padding-left: 25px !important;background-color: #e0e0e0 !important;border-radius: 25px !important;}\u00a0\u00bb][vc_column_inner][vc_column_text]<\/p>\n<h1 class=\"cd-timeline-item-title\" style=\"text-align: center;\">2004<\/h1>\n<h3><\/h3>\n<h3 class=\"cd-timeline-item-title\" style=\"text-align: center;\"><img decoding=\"async\" loading=\"lazy\" class=\"alignnone size-full wp-image-234\" src=\"https:\/\/www.skelt.pt\/wp-content\/uploads\/2020\/10\/logo-antigo.jpg\" alt=\"\" width=\"270\" height=\"120\" srcset=\"https:\/\/www.skelt.pt\/wp-content\/uploads\/2020\/10\/logo-antigo.jpg 270w, https:\/\/www.skelt.pt\/wp-content\/uploads\/2020\/10\/logo-antigo-64x28.jpg 64w\" sizes=\"(max-width: 270px) 100vw, 270px\" \/><\/h3>\n<p>&nbsp;<\/p>\n<h3 class=\"cd-timeline-item-title\" style=\"text-align: center;\">Skelt<\/h3>\n<p style=\"text-align: center;\">N\u00e9 marque Skelt.<\/p>\n<p>[\/vc_column_text][\/vc_column_inner][\/vc_row_inner][vc_row_inner row_type=\u00a0\u00bbrow\u00a0\u00bb type=\u00a0\u00bbfull_width\u00a0\u00bb text_align=\u00a0\u00bbleft\u00a0\u00bb css_animation=\u00a0\u00bb\u00a0\u00bb][vc_column_inner][vc_single_image image=\u00a0\u00bb220&Prime; alignment=\u00a0\u00bbcenter\u00a0\u00bb qode_css_animation=\u00a0\u00bb\u00a0\u00bb][\/vc_column_inner][\/vc_row_inner][vc_row_inner row_type=\u00a0\u00bbrow\u00a0\u00bb type=\u00a0\u00bbfull_width\u00a0\u00bb text_align=\u00a0\u00bbleft\u00a0\u00bb css_animation=\u00a0\u00bb\u00a0\u00bb css=\u00a0\u00bb.vc_custom_1602507730166{margin-right: 25px !important;margin-left: 25px !important;padding-top: 10px !important;padding-right: 25px !important;padding-bottom: 10px !important;padding-left: 25px !important;background-color: #e0e0e0 !important;border-radius: 25px !important;}\u00a0\u00bb][vc_column_inner][vc_column_text]<\/p>\n<h1 class=\"cd-timeline-item-title\" style=\"text-align: center;\">2002<\/h1>\n<h3><\/h3>\n<h3 class=\"cd-timeline-item-title\" style=\"text-align: center;\"><img decoding=\"async\" loading=\"lazy\" class=\"alignnone size-full wp-image-236\" src=\"https:\/\/www.skelt.pt\/wp-content\/uploads\/2020\/10\/furnas.png\" alt=\"\" width=\"270\" height=\"120\" srcset=\"https:\/\/www.skelt.pt\/wp-content\/uploads\/2020\/10\/furnas.png 270w, https:\/\/www.skelt.pt\/wp-content\/uploads\/2020\/10\/furnas-64x28.png 64w\" sizes=\"(max-width: 270px) 100vw, 270px\" \/><\/h3>\n<p>&nbsp;<\/p>\n<h3 class=\"cd-timeline-item-title\" style=\"text-align: center;\">Furnas<\/h3>\n<p style=\"text-align: center;\">Fourniture d\u2019accessoires pour les lignes a\u00e9riennes pour la ligne de transport de 500 kV \u00abCachoeira Paulista \/ Adrian\u00f3polis III\u00bb, l\u2019utilitaire br\u00e9silien Furnas.<\/p>\n<p>[\/vc_column_text][\/vc_column_inner][\/vc_row_inner][vc_row_inner row_type=\u00a0\u00bbrow\u00a0\u00bb type=\u00a0\u00bbfull_width\u00a0\u00bb text_align=\u00a0\u00bbleft\u00a0\u00bb css_animation=\u00a0\u00bb\u00a0\u00bb][vc_column_inner][vc_single_image image=\u00a0\u00bb220&Prime; alignment=\u00a0\u00bbcenter\u00a0\u00bb qode_css_animation=\u00a0\u00bb\u00a0\u00bb][\/vc_column_inner][\/vc_row_inner][vc_row_inner row_type=\u00a0\u00bbrow\u00a0\u00bb type=\u00a0\u00bbfull_width\u00a0\u00bb text_align=\u00a0\u00bbleft\u00a0\u00bb css_animation=\u00a0\u00bb\u00a0\u00bb css=\u00a0\u00bb.vc_custom_1602507730166{margin-right: 25px !important;margin-left: 25px !important;padding-top: 10px !important;padding-right: 25px !important;padding-bottom: 10px !important;padding-left: 25px !important;background-color: #e0e0e0 !important;border-radius: 25px !important;}\u00a0\u00bb][vc_column_inner][vc_column_text]<\/p>\n<h1 class=\"cd-timeline-item-title\" style=\"text-align: center;\">1995<\/h1>\n<h2><\/h2>\n<h2 class=\"cd-timeline-item-title\" style=\"text-align: center;\"><img decoding=\"async\" loading=\"lazy\" class=\"alignnone size-full wp-image-232\" src=\"https:\/\/www.skelt.pt\/wp-content\/uploads\/2020\/10\/9001.png\" alt=\"\" width=\"270\" height=\"120\" srcset=\"https:\/\/www.skelt.pt\/wp-content\/uploads\/2020\/10\/9001.png 270w, https:\/\/www.skelt.pt\/wp-content\/uploads\/2020\/10\/9001-64x28.png 64w\" sizes=\"(max-width: 270px) 100vw, 270px\" \/><\/h2>\n<p>&nbsp;<\/p>\n<h2 class=\"cd-timeline-item-title\" style=\"text-align: center;\"><strong>Certification\u00a0ISO 9001<\/strong><\/h2>\n<p>[\/vc_column_text][\/vc_column_inner][\/vc_row_inner][vc_row_inner row_type=\u00a0\u00bbrow\u00a0\u00bb type=\u00a0\u00bbfull_width\u00a0\u00bb text_align=\u00a0\u00bbleft\u00a0\u00bb css_animation=\u00a0\u00bb\u00a0\u00bb][vc_column_inner][vc_single_image image=\u00a0\u00bb220&Prime; alignment=\u00a0\u00bbcenter\u00a0\u00bb qode_css_animation=\u00a0\u00bb\u00a0\u00bb][\/vc_column_inner][\/vc_row_inner][vc_row_inner row_type=\u00a0\u00bbrow\u00a0\u00bb type=\u00a0\u00bbfull_width\u00a0\u00bb text_align=\u00a0\u00bbleft\u00a0\u00bb css_animation=\u00a0\u00bb\u00a0\u00bb css=\u00a0\u00bb.vc_custom_1602507730166{margin-right: 25px !important;margin-left: 25px !important;padding-top: 10px !important;padding-right: 25px !important;padding-bottom: 10px !important;padding-left: 25px !important;background-color: #e0e0e0 !important;border-radius: 25px !important;}\u00a0\u00bb][vc_column_inner][vc_column_text]<\/p>\n<h1 class=\"cd-timeline-item-title\" style=\"text-align: center;\">1985<\/h1>\n<p>&nbsp;<\/p>\n<p style=\"text-align: center;\"><img decoding=\"async\" loading=\"lazy\" class=\"alignnone size-full wp-image-197\" src=\"https:\/\/www.skelt.pt\/wp-content\/uploads\/2020\/10\/2014.jpg\" alt=\"\" width=\"270\" height=\"120\" srcset=\"https:\/\/www.skelt.pt\/wp-content\/uploads\/2020\/10\/2014.jpg 270w, https:\/\/www.skelt.pt\/wp-content\/uploads\/2020\/10\/2014-64x28.jpg 64w\" sizes=\"(max-width: 270px) 100vw, 270px\" \/><\/p>\n<p>&nbsp;<\/p>\n<h2 class=\"cd-timeline-item-title\" style=\"text-align: center;\">Fondation de la Solikap<\/h2>\n<p style=\"text-align: center;\">Le Solikap \u2013 Acess\u00f3rios El\u00e9tricos S.A est n\u00e9 de la fusion du Karl sp\u00e9cialiste austro-allemand Pfisterer et producteur portugais de conducteurs \u00e9lectriques Solidal h\u00e9ritant ainsi d\u2019une grande exp\u00e9rience.<\/p>\n<p>[\/vc_column_text][\/vc_column_inner][\/vc_row_inner][vc_row_inner row_type=\u00a0\u00bbrow\u00a0\u00bb type=\u00a0\u00bbfull_width\u00a0\u00bb text_align=\u00a0\u00bbleft\u00a0\u00bb css_animation=\u00a0\u00bb\u00a0\u00bb][vc_column_inner][vc_single_image image=\u00a0\u00bb220&Prime; alignment=\u00a0\u00bbcenter\u00a0\u00bb qode_css_animation=\u00a0\u00bb\u00a0\u00bb][vc_empty_space height=\u00a0\u00bb25px\u00a0\u00bb][\/vc_column_inner][\/vc_row_inner][vc_single_image image=\u00a0\u00bb7948&Prime; img_size=\u00a0\u00bbfull\u00a0\u00bb alignment=\u00a0\u00bbcenter\u00a0\u00bb style=\u00a0\u00bbvc_box_border\u00a0\u00bb qode_css_animation=\u00a0\u00bb\u00a0\u00bb css=\u00a0\u00bb.vc_custom_1604935064538{margin-bottom: 25px !important;}\u00a0\u00bb][\/vc_column][\/vc_row]<\/p>\n<\/div>","protected":false},"excerpt":{"rendered":"<p>[vc_row css_animation=\u00a0\u00bb\u00a0\u00bb row_type=\u00a0\u00bbrow\u00a0\u00bb use_row_as_full_screen_section=\u00a0\u00bbno\u00a0\u00bb type=\u00a0\u00bbfull_width\u00a0\u00bb angled_section=\u00a0\u00bbno\u00a0\u00bb text_align=\u00a0\u00bbleft\u00a0\u00bb background_image_as_pattern=\u00a0\u00bbwithout_pattern\u00a0\u00bb][vc_column width=\u00a0\u00bb1\/4&Prime;][\/vc_column][vc_column width=\u00a0\u00bb3\/4&Prime;][vc_single_image image=\u00a0\u00bb282&Prime; img_size=\u00a0\u00bbfull\u00a0\u00bb alignment=\u00a0\u00bbcenter\u00a0\u00bb qode_css_animation=\u00a0\u00bb\u00a0\u00bb css=\u00a0\u00bb.vc_custom_1605720455038{margin-bottom: 25px !important;}\u00a0\u00bb][vc_column_text css=\u00a0\u00bb.vc_custom_1605271739222{margin-bottom: 25px !important;}\u00a0\u00bb] Sharing Energy Together &nbsp; [\/vc_column_text][vc_column_text css=\u00a0\u00bb.vc_custom_1602863980309{margin-bottom: 25px !important;}\u00a0\u00bb]Pre\u0301pare\u0301s pour atteindre le monde entier, nous travaillons pour satisfaire nos clients actuels et gagner de nouveaux partenaires&#8230;<\/p>\n","protected":false},"author":1,"featured_media":0,"parent":0,"menu_order":0,"comment_status":"closed","ping_status":"closed","template":"","meta":[],"_links":{"self":[{"href":"https:\/\/www.skelt.pt\/fr\/wp-json\/wp\/v2\/pages\/186"}],"collection":[{"href":"https:\/\/www.skelt.pt\/fr\/wp-json\/wp\/v2\/pages"}],"about":[{"href":"https:\/\/www.skelt.pt\/fr\/wp-json\/wp\/v2\/types\/page"}],"author":[{"embeddable":true,"href":"https:\/\/www.skelt.pt\/fr\/wp-json\/wp\/v2\/users\/1"}],"replies":[{"embeddable":true,"href":"https:\/\/www.skelt.pt\/fr\/wp-json\/wp\/v2\/comments?post=186"}],"version-history":[{"count":87,"href":"https:\/\/www.skelt.pt\/fr\/wp-json\/wp\/v2\/pages\/186\/revisions"}],"predecessor-version":[{"id":8023,"href":"https:\/\/www.skelt.pt\/fr\/wp-json\/wp\/v2\/pages\/186\/revisions\/8023"}],"wp:attachment":[{"href":"https:\/\/www.skelt.pt\/fr\/wp-json\/wp\/v2\/media?parent=186"}],"curies":[{"name":"wp","href":"https:\/\/api.w.org\/{rel}","templated":true}]}}