{"id":252,"date":"2020-10-12T13:54:35","date_gmt":"2020-10-12T13:54:35","guid":{"rendered":"https:\/\/beta.skelt.pt\/?page_id=252"},"modified":"2025-06-17T08:29:46","modified_gmt":"2025-06-17T08:29:46","slug":"qualidade","status":"publish","type":"page","link":"https:\/\/www.skelt.pt\/fr\/qualidade\/","title":{"rendered":"Qualit\u00e9"},"content":{"rendered":"<div class=\"wpb-content-wrapper\"><p>[vc_row css_animation=\u00a0\u00bb\u00a0\u00bb row_type=\u00a0\u00bbrow\u00a0\u00bb use_row_as_full_screen_section=\u00a0\u00bbno\u00a0\u00bb type=\u00a0\u00bbfull_width\u00a0\u00bb angled_section=\u00a0\u00bbno\u00a0\u00bb text_align=\u00a0\u00bbleft\u00a0\u00bb background_image_as_pattern=\u00a0\u00bbwithout_pattern\u00a0\u00bb][vc_column][vc_column_text][\/vc_column_text][\/vc_column][\/vc_row][vc_row css_animation=\u00a0\u00bb\u00a0\u00bb row_type=\u00a0\u00bbrow\u00a0\u00bb use_row_as_full_screen_section=\u00a0\u00bbno\u00a0\u00bb type=\u00a0\u00bbfull_width\u00a0\u00bb angled_section=\u00a0\u00bbno\u00a0\u00bb text_align=\u00a0\u00bbleft\u00a0\u00bb background_image_as_pattern=\u00a0\u00bbwithout_pattern\u00a0\u00bb][vc_column][vc_single_image image=\u00a0\u00bb7926&Prime; img_size=\u00a0\u00bbfull\u00a0\u00bb style=\u00a0\u00bbvc_box_rounded\u00a0\u00bb qode_css_animation=\u00a0\u00bb\u00a0\u00bb css=\u00a0\u00bb.vc_custom_1604922667386{margin-bottom: 25px !important;}\u00a0\u00bb][vc_column_text css=\u00a0\u00bb.vc_custom_1604922707531{margin-bottom: 25px !important;}\u00a0\u00bb]<\/p>\n<h1>\u00c9nergie au service de l&rsquo;innovation<\/h1>\n<p>[\/vc_column_text][vc_column_text css=\u00a0\u00bb.vc_custom_1603108435789{margin-bottom: 25px !important;}\u00a0\u00bb]L\u2019innovation est une valeur intrinse\u0300que a\u0300 la culture de Skelt.<\/p>\n<p>&nbsp;<\/p>\n<p>Notre base de R&amp;D est pre\u0302te a\u0300 fournir des solutions adapte\u0301es aux besoins de nos clients,<br \/>\nen de\u0301veloppant et testant des produits dans nos laboratoires me\u0301caniques et e\u0301lectriques.<\/p>\n<p>&nbsp;<\/p>\n<p>\u00c0 la fois a\u0300 l\u2019aide de partenariats avec des universite\u0301s de re\u0301fe\u0301rence et<br \/>\nde laboratoires externes agre\u0301e\u0301s, dans une recherche constante de l\u2019ame\u0301lioration des produits actuels et tout en stimulant la cre\u0301ation de nouveaux produits.[\/vc_column_text][\/vc_column][\/vc_row][vc_row css_animation=\u00a0\u00bb\u00a0\u00bb row_type=\u00a0\u00bbrow\u00a0\u00bb use_row_as_full_screen_section=\u00a0\u00bbno\u00a0\u00bb type=\u00a0\u00bbfull_width\u00a0\u00bb angled_section=\u00a0\u00bbno\u00a0\u00bb text_align=\u00a0\u00bbleft\u00a0\u00bb background_image_as_pattern=\u00a0\u00bbwithout_pattern\u00a0\u00bb][vc_column][vc_separator type=\u00a0\u00bbnormal\u00a0\u00bb down=\u00a0\u00bb25&Prime;][\/vc_column][\/vc_row][vc_row css_animation=\u00a0\u00bb\u00a0\u00bb row_type=\u00a0\u00bbrow\u00a0\u00bb use_row_as_full_screen_section=\u00a0\u00bbno\u00a0\u00bb type=\u00a0\u00bbfull_width\u00a0\u00bb angled_section=\u00a0\u00bbno\u00a0\u00bb text_align=\u00a0\u00bbleft\u00a0\u00bb background_image_as_pattern=\u00a0\u00bbwithout_pattern\u00a0\u00bb][vc_column][vc_column_text css=\u00a0\u00bb.vc_custom_1604922722513{margin-bottom: 25px !important;}\u00a0\u00bb]<\/p>\n<h1>Certification pour mieux vivre<\/h1>\n<p>[\/vc_column_text][vc_empty_space height=\u00a0\u00bb25px\u00a0\u00bb][vc_column_text css=\u00a0\u00bb.vc_custom_1750086980445{margin-bottom: 25px !important;}\u00a0\u00bb]Nous croyons qu\u2019un environnement de travail se\u0301curise\u0301 et de qualite\u0301 est ne\u0301cessaire pour que nous puissions offrir de bonnes conditions de travail.<\/p>\n<p>&nbsp;<\/p>\n<p>La certification de la qualit\u00e9 est une valeur s\u00fbre qui au fil des ans nous a permis d&rsquo;am\u00e9lioration continue de nos installations, a\u0300 travers la mise en \u0153uvre d\u2019un Syste\u0300me Inte\u0301gre\u0301 de Gestion dans les domaines de la Qualite\u0301, Environnement, Se\u0301curite\u0301 et Sante\u0301 au Travail.<\/p>\n<p>&nbsp;<\/p>\n<p>Le syste\u0300me de gestion inte\u0301gre\u0301 permet Skelt de contro\u0302ler toutes les e\u0301tapes du processus, de l\u2019optimisation des matie\u0300res premie\u0300res a\u0300 la re\u0301duction des de\u0301chets, a\u0300 l\u2019autocontro\u0302le et a\u0300 l\u2019ef cacite\u0301 e\u0301nerge\u0301tique, avec un accent particulier sur les pre\u0301occupations environnementales.<\/p>\n<p>&nbsp;<\/p>\n<p>Le Skelt est certifi\u00e9 selon la norme ISO 9001, selon la norme environnementale ISO 14001 et selon la norme de s\u00e9curit\u00e9 ISO 45001.[\/vc_column_text][vc_single_image image=\u00a0\u00bb7930&Prime; img_size=\u00a0\u00bbfull\u00a0\u00bb style=\u00a0\u00bbvc_box_rounded\u00a0\u00bb qode_css_animation=\u00a0\u00bb\u00a0\u00bb css=\u00a0\u00bb.vc_custom_1604922689504{margin-top: 25px !important;margin-bottom: 25px !important;}\u00a0\u00bb][\/vc_column][\/vc_row][vc_row css_animation=\u00a0\u00bb\u00a0\u00bb row_type=\u00a0\u00bbrow\u00a0\u00bb use_row_as_full_screen_section=\u00a0\u00bbno\u00a0\u00bb type=\u00a0\u00bbfull_width\u00a0\u00bb angled_section=\u00a0\u00bbno\u00a0\u00bb text_align=\u00a0\u00bbleft\u00a0\u00bb background_image_as_pattern=\u00a0\u00bbwithout_pattern\u00a0\u00bb][vc_column][vc_column_text][\/vc_column_text][\/vc_column][\/vc_row]<\/p>\n<\/div>","protected":false},"excerpt":{"rendered":"<p>[vc_row css_animation=\u00a0\u00bb\u00a0\u00bb row_type=\u00a0\u00bbrow\u00a0\u00bb use_row_as_full_screen_section=\u00a0\u00bbno\u00a0\u00bb type=\u00a0\u00bbfull_width\u00a0\u00bb angled_section=\u00a0\u00bbno\u00a0\u00bb text_align=\u00a0\u00bbleft\u00a0\u00bb background_image_as_pattern=\u00a0\u00bbwithout_pattern\u00a0\u00bb][vc_column][vc_column_text][\/vc_column_text][\/vc_column][\/vc_row][vc_row css_animation=\u00a0\u00bb\u00a0\u00bb row_type=\u00a0\u00bbrow\u00a0\u00bb use_row_as_full_screen_section=\u00a0\u00bbno\u00a0\u00bb type=\u00a0\u00bbfull_width\u00a0\u00bb angled_section=\u00a0\u00bbno\u00a0\u00bb text_align=\u00a0\u00bbleft\u00a0\u00bb background_image_as_pattern=\u00a0\u00bbwithout_pattern\u00a0\u00bb][vc_column][vc_single_image image=\u00a0\u00bb7926&Prime; img_size=\u00a0\u00bbfull\u00a0\u00bb style=\u00a0\u00bbvc_box_rounded\u00a0\u00bb qode_css_animation=\u00a0\u00bb\u00a0\u00bb css=\u00a0\u00bb.vc_custom_1604922667386{margin-bottom: 25px !important;}\u00a0\u00bb][vc_column_text css=\u00a0\u00bb.vc_custom_1604922707531{margin-bottom: 25px !important;}\u00a0\u00bb] \u00c9nergie au service de l&rsquo;innovation [\/vc_column_text][vc_column_text css=\u00a0\u00bb.vc_custom_1603108435789{margin-bottom: 25px !important;}\u00a0\u00bb]L\u2019innovation est une valeur intrinse\u0300que a\u0300 la culture de Skelt. &nbsp; Notre&#8230;<\/p>\n","protected":false},"author":1,"featured_media":0,"parent":0,"menu_order":0,"comment_status":"closed","ping_status":"closed","template":"full_width.php","meta":[],"_links":{"self":[{"href":"https:\/\/www.skelt.pt\/fr\/wp-json\/wp\/v2\/pages\/252"}],"collection":[{"href":"https:\/\/www.skelt.pt\/fr\/wp-json\/wp\/v2\/pages"}],"about":[{"href":"https:\/\/www.skelt.pt\/fr\/wp-json\/wp\/v2\/types\/page"}],"author":[{"embeddable":true,"href":"https:\/\/www.skelt.pt\/fr\/wp-json\/wp\/v2\/users\/1"}],"replies":[{"embeddable":true,"href":"https:\/\/www.skelt.pt\/fr\/wp-json\/wp\/v2\/comments?post=252"}],"version-history":[{"count":52,"href":"https:\/\/www.skelt.pt\/fr\/wp-json\/wp\/v2\/pages\/252\/revisions"}],"predecessor-version":[{"id":8055,"href":"https:\/\/www.skelt.pt\/fr\/wp-json\/wp\/v2\/pages\/252\/revisions\/8055"}],"wp:attachment":[{"href":"https:\/\/www.skelt.pt\/fr\/wp-json\/wp\/v2\/media?parent=252"}],"curies":[{"name":"wp","href":"https:\/\/api.w.org\/{rel}","templated":true}]}}